{"id":15134,"date":"2023-07-15T11:58:24","date_gmt":"2023-07-15T09:58:24","guid":{"rendered":"https:\/\/eoryszilvia.hu\/legal-notice\/"},"modified":"2023-09-24T12:02:03","modified_gmt":"2023-09-24T10:02:03","slug":"legal-notice","status":"publish","type":"page","link":"https:\/\/eoryszilvia.hu\/en\/legal-notice\/","title":{"rendered":"Legal Notice"},"content":{"rendered":"\t\t<div data-elementor-type=\"wp-page\" data-elementor-id=\"15134\" class=\"elementor elementor-15134 elementor-12211\" data-elementor-post-type=\"page\">\n\t\t\t\t\t\t<section class=\"elementor-section elementor-top-section elementor-element elementor-element-f59e495 tm-column-break-ipad-no tm-col-stretched-none elementor-section-boxed elementor-section-height-default elementor-section-height-default\" data-id=\"f59e495\" data-element_type=\"section\" data-settings=\"{&quot;jet_parallax_layout_list&quot;:[]}\">\n\t\t\t\t\t\t<div class=\"elementor-container elementor-column-gap-default\">\n\t\t\t\t\t<div class=\"elementor-column elementor-col-100 elementor-top-column elementor-element elementor-element-bef96b8\" data-id=\"bef96b8\" data-element_type=\"column\">\n\t\t\t<div class=\"elementor-widget-wrap elementor-element-populated\">\n\t\t\t\t\t\t<div class=\"elementor-element elementor-element-042eaee elementor-widget elementor-widget-text-editor\" data-id=\"042eaee\" data-element_type=\"widget\" data-widget_type=\"text-editor.default\">\n\t\t\t\t<div class=\"elementor-widget-container\">\n\t\t\t\t\t\t\t\t\t<header class=\"entry-header ast-no-thumbnail ast-header-without-markup\">\n<h1 class=\"entry-title\">Legal Notice<\/h1>\n<\/header>\n<div class=\"entry-content clear\">\n<div class=\"elementor elementor-2632\" data-elementor-type=\"wp-page\" data-elementor-id=\"2632\">\n<section class=\"elementor-section elementor-top-section elementor-element elementor-element-1a2e0b84 elementor-section-boxed elementor-section-height-default elementor-section-height-default\" data-id=\"1a2e0b84\" data-element_type=\"section\">\n<div class=\"elementor-container elementor-column-gap-default\">\n<div class=\"elementor-column elementor-col-100 elementor-top-column elementor-element elementor-element-4343542e\" data-id=\"4343542e\" data-element_type=\"column\">\n<div class=\"elementor-widget-wrap elementor-element-populated\">\n<div class=\"elementor-element elementor-element-1d17bee1 elementor-widget elementor-widget-text-editor is-mac\" data-id=\"1d17bee1\" data-element_type=\"widget\" data-widget_type=\"text-editor.default\">\n<div class=\"elementor-widget-container\">\n<p><span style=\"text-decoration: underline;\"><strong>Company Name<\/strong>:<\/span> Attrakci\u00f3 Art Kft.<\/p>\n<p><span style=\"text-decoration: underline;\"><strong>Address<\/strong>:<\/span> 1072 Budapest, R\u00e1k\u00f3czi \u00fat 20. 4. floor 7. door<\/p>\n<p><span style=\"text-decoration: underline;\"><strong>Phone<\/strong>:<\/span> <\/p>\n<p><span style=\"text-decoration: underline;\"><strong>E-mail<\/strong>:<\/span> <a href=\"mailto:design@eoryszilvia.hu\">design@eoryszilvia.hu<\/a><\/p>\n<p><span style=\"text-decoration: underline;\"><strong>Website<\/strong>:<\/span> <a href=\"https:\/\/eoryszilvia.hu\/en\/\">https:\/\/eoryszilvia.hu\/<\/a><\/p>\n<p><span style=\"text-decoration: underline;\"><strong>The registering authority:<\/strong><\/span> <\/p>\n<p><span style=\"text-decoration: underline;\"><strong>Company Registration Number<\/strong>:<\/span> 01 09 996949<\/p>\n<p><span style=\"text-decoration: underline;\"><strong>Tax Identification Number<\/strong>:<\/span> 24233864-2-42<\/p>\n<p><span style=\"text-decoration: underline;\"><strong>Hosting provider<\/strong>:<\/span> Rackhost Zrt. (6722 Szeged Tisza Lajos k\u00f6r\u00fat 41., E-mail: <a href=\"mailto:info@rackhost.hu\">info@rackhost.hu<\/a>, Phone: +36 1 445 1200, Fax: +36 1 445 1201, website: <a href=\"http:\/\/www.rackhost.hu\/\">www.rackhost.hu<\/a> )<\/p>\n<\/div>\n<\/div>\n<\/div>\n<\/div>\n<\/div>\n<\/section>\n<\/div>\n<\/div>\n\t\t\t\t\t\t\t\t<\/div>\n\t\t\t\t<\/div>\n\t\t\t\t\t<\/div>\n\t\t<\/div>\n\t\t\t\t\t<\/div>\n\t\t<\/section>\n\t\t\t\t<\/div>\n\t\t","protected":false},"excerpt":{"rendered":"<p>Legal Notice Company Name: Attrakci\u00f3 Art Kft. Address: 1072 Budapest, R\u00e1k\u00f3czi \u00fat 20. 4. floor 7. door Phone: E-mail: design@eoryszilvia.hu Website: https:\/\/eoryszilvia.hu\/ The registering authority: Company Registration Number: 01 09 996949 Tax Identification Number: 24233864-2-42 Hosting provider: Rackhost Zrt. (6722 Szeged Tisza Lajos k\u00f6r\u00fat 41., E-mail: info@rackhost.hu, Phone: +36 1 445 1200, Fax: +36 1 &hellip; <a href=\"https:\/\/eoryszilvia.hu\/en\/legal-notice\/\" class=\"more-link\">Continue reading <span class=\"screen-reader-text\">Legal Notice<\/span><\/a><\/p>\n","protected":false},"author":1,"featured_media":0,"parent":0,"menu_order":0,"comment_status":"closed","ping_status":"closed","template":"","meta":{"footnotes":""},"class_list":["post-15134","page","type-page","status-publish","hentry"],"yoast_head":"<!-- This site is optimized with the Yoast SEO Premium plugin v25.6 (Yoast SEO v26.2) - https:\/\/yoast.com\/wordpress\/plugins\/seo\/ -->\n<title>Legal Notice - E\u0151ry Szilvia - Bels\u0151\u00e9p\u00edt\u00e9szet \u00e9s Lakberendez\u00e9s<\/title>\n<meta name=\"robots\" content=\"index, follow, max-snippet:-1, max-image-preview:large, max-video-preview:-1\" \/>\n<link rel=\"canonical\" href=\"https:\/\/eoryszilvia.hu\/en\/legal-notice\/\" \/>\n<meta property=\"og:locale\" content=\"en_US\" \/>\n<meta property=\"og:type\" content=\"article\" \/>\n<meta property=\"og:title\" content=\"Legal Notice\" \/>\n<meta property=\"og:description\" content=\"Legal Notice Company Name: Attrakci\u00f3 Art Kft. Address: 1072 Budapest, R\u00e1k\u00f3czi \u00fat 20. 4. floor 7. door Phone: E-mail: design@eoryszilvia.hu Website: https:\/\/eoryszilvia.hu\/ The registering authority: Company Registration Number: 01 09 996949 Tax Identification Number: 24233864-2-42 Hosting provider: Rackhost Zrt. (6722 Szeged Tisza Lajos k\u00f6r\u00fat 41., E-mail: info@rackhost.hu, Phone: +36 1 445 1200, Fax: +36 1 &hellip; Continue reading Legal Notice\" \/>\n<meta property=\"og:url\" content=\"https:\/\/eoryszilvia.hu\/en\/legal-notice\/\" \/>\n<meta property=\"og:site_name\" content=\"E\u0151ry Szilvia - Bels\u0151\u00e9p\u00edt\u00e9szet \u00e9s Lakberendez\u00e9s\" \/>\n<meta property=\"article:publisher\" content=\"https:\/\/www.facebook.com\/eory.szilvia\" \/>\n<meta property=\"article:modified_time\" content=\"2023-09-24T10:02:03+00:00\" \/>\n<meta name=\"twitter:card\" content=\"summary_large_image\" \/>\n<meta name=\"twitter:label1\" content=\"Est. reading time\" \/>\n\t<meta name=\"twitter:data1\" content=\"1 minute\" \/>\n<script type=\"application\/ld+json\" class=\"yoast-schema-graph\">{\"@context\":\"https:\/\/schema.org\",\"@graph\":[{\"@type\":\"WebPage\",\"@id\":\"https:\/\/eoryszilvia.hu\/en\/legal-notice\/\",\"url\":\"https:\/\/eoryszilvia.hu\/en\/legal-notice\/\",\"name\":\"Legal Notice - E\u0151ry Szilvia - Bels\u0151\u00e9p\u00edt\u00e9szet \u00e9s Lakberendez\u00e9s\",\"isPartOf\":{\"@id\":\"https:\/\/eoryszilvia.hu\/#website\"},\"datePublished\":\"2023-07-15T09:58:24+00:00\",\"dateModified\":\"2023-09-24T10:02:03+00:00\",\"breadcrumb\":{\"@id\":\"https:\/\/eoryszilvia.hu\/en\/legal-notice\/#breadcrumb\"},\"inLanguage\":\"en-US\",\"potentialAction\":[{\"@type\":\"ReadAction\",\"target\":[\"https:\/\/eoryszilvia.hu\/en\/legal-notice\/\"]}]},{\"@type\":\"BreadcrumbList\",\"@id\":\"https:\/\/eoryszilvia.hu\/en\/legal-notice\/#breadcrumb\",\"itemListElement\":[{\"@type\":\"ListItem\",\"position\":1,\"name\":\"Home\",\"item\":\"https:\/\/eoryszilvia.hu\/\"},{\"@type\":\"ListItem\",\"position\":2,\"name\":\"Legal Notice\"}]},{\"@type\":\"WebSite\",\"@id\":\"https:\/\/eoryszilvia.hu\/#website\",\"url\":\"https:\/\/eoryszilvia.hu\/\",\"name\":\"E\u0151ry Szilvia - Lakberendez\u00e9s \u00e9s Bels\u0151\u00e9p\u00edt\u00e9szeti tervez\u00e9s\",\"description\":\"Stresszmentes lakberendez\u00e9s most kezd\u0151dik\",\"publisher\":{\"@id\":\"https:\/\/eoryszilvia.hu\/#organization\"},\"potentialAction\":[{\"@type\":\"SearchAction\",\"target\":{\"@type\":\"EntryPoint\",\"urlTemplate\":\"https:\/\/eoryszilvia.hu\/?s={search_term_string}\"},\"query-input\":{\"@type\":\"PropertyValueSpecification\",\"valueRequired\":true,\"valueName\":\"search_term_string\"}}],\"inLanguage\":\"en-US\"},{\"@type\":\"Organization\",\"@id\":\"https:\/\/eoryszilvia.hu\/#organization\",\"name\":\"E\u0151ry Szilvia - Interior Design\",\"url\":\"https:\/\/eoryszilvia.hu\/\",\"logo\":{\"@type\":\"ImageObject\",\"inLanguage\":\"en-US\",\"@id\":\"https:\/\/eoryszilvia.hu\/#\/schema\/logo\/image\/\",\"url\":\"https:\/\/eoryszilvia.hu\/wp-content\/uploads\/2023\/06\/esz_lakberendezes_logo_atlatszo.png\",\"contentUrl\":\"https:\/\/eoryszilvia.hu\/wp-content\/uploads\/2023\/06\/esz_lakberendezes_logo_atlatszo.png\",\"width\":1500,\"height\":1500,\"caption\":\"E\u0151ry Szilvia - Interior Design\"},\"image\":{\"@id\":\"https:\/\/eoryszilvia.hu\/#\/schema\/logo\/image\/\"},\"sameAs\":[\"https:\/\/www.facebook.com\/eory.szilvia\"]}]}<\/script>\n<!-- \/ Yoast SEO Premium plugin. -->","yoast_head_json":{"title":"Legal Notice - E\u0151ry Szilvia - Bels\u0151\u00e9p\u00edt\u00e9szet \u00e9s Lakberendez\u00e9s","robots":{"index":"index","follow":"follow","max-snippet":"max-snippet:-1","max-image-preview":"max-image-preview:large","max-video-preview":"max-video-preview:-1"},"canonical":"https:\/\/eoryszilvia.hu\/en\/legal-notice\/","og_locale":"en_US","og_type":"article","og_title":"Legal Notice","og_description":"Legal Notice Company Name: Attrakci\u00f3 Art Kft. Address: 1072 Budapest, R\u00e1k\u00f3czi \u00fat 20. 4. floor 7. door Phone: E-mail: design@eoryszilvia.hu Website: https:\/\/eoryszilvia.hu\/ The registering authority: Company Registration Number: 01 09 996949 Tax Identification Number: 24233864-2-42 Hosting provider: Rackhost Zrt. (6722 Szeged Tisza Lajos k\u00f6r\u00fat 41., E-mail: info@rackhost.hu, Phone: +36 1 445 1200, Fax: +36 1 &hellip; Continue reading Legal Notice","og_url":"https:\/\/eoryszilvia.hu\/en\/legal-notice\/","og_site_name":"E\u0151ry Szilvia - Bels\u0151\u00e9p\u00edt\u00e9szet \u00e9s Lakberendez\u00e9s","article_publisher":"https:\/\/www.facebook.com\/eory.szilvia","article_modified_time":"2023-09-24T10:02:03+00:00","twitter_card":"summary_large_image","twitter_misc":{"Est. reading time":"1 minute"},"schema":{"@context":"https:\/\/schema.org","@graph":[{"@type":"WebPage","@id":"https:\/\/eoryszilvia.hu\/en\/legal-notice\/","url":"https:\/\/eoryszilvia.hu\/en\/legal-notice\/","name":"Legal Notice - E\u0151ry Szilvia - Bels\u0151\u00e9p\u00edt\u00e9szet \u00e9s Lakberendez\u00e9s","isPartOf":{"@id":"https:\/\/eoryszilvia.hu\/#website"},"datePublished":"2023-07-15T09:58:24+00:00","dateModified":"2023-09-24T10:02:03+00:00","breadcrumb":{"@id":"https:\/\/eoryszilvia.hu\/en\/legal-notice\/#breadcrumb"},"inLanguage":"en-US","potentialAction":[{"@type":"ReadAction","target":["https:\/\/eoryszilvia.hu\/en\/legal-notice\/"]}]},{"@type":"BreadcrumbList","@id":"https:\/\/eoryszilvia.hu\/en\/legal-notice\/#breadcrumb","itemListElement":[{"@type":"ListItem","position":1,"name":"Home","item":"https:\/\/eoryszilvia.hu\/"},{"@type":"ListItem","position":2,"name":"Legal Notice"}]},{"@type":"WebSite","@id":"https:\/\/eoryszilvia.hu\/#website","url":"https:\/\/eoryszilvia.hu\/","name":"E\u0151ry Szilvia - Lakberendez\u00e9s \u00e9s Bels\u0151\u00e9p\u00edt\u00e9szeti tervez\u00e9s","description":"Stresszmentes lakberendez\u00e9s most kezd\u0151dik","publisher":{"@id":"https:\/\/eoryszilvia.hu\/#organization"},"potentialAction":[{"@type":"SearchAction","target":{"@type":"EntryPoint","urlTemplate":"https:\/\/eoryszilvia.hu\/?s={search_term_string}"},"query-input":{"@type":"PropertyValueSpecification","valueRequired":true,"valueName":"search_term_string"}}],"inLanguage":"en-US"},{"@type":"Organization","@id":"https:\/\/eoryszilvia.hu\/#organization","name":"E\u0151ry Szilvia - Interior Design","url":"https:\/\/eoryszilvia.hu\/","logo":{"@type":"ImageObject","inLanguage":"en-US","@id":"https:\/\/eoryszilvia.hu\/#\/schema\/logo\/image\/","url":"https:\/\/eoryszilvia.hu\/wp-content\/uploads\/2023\/06\/esz_lakberendezes_logo_atlatszo.png","contentUrl":"https:\/\/eoryszilvia.hu\/wp-content\/uploads\/2023\/06\/esz_lakberendezes_logo_atlatszo.png","width":1500,"height":1500,"caption":"E\u0151ry Szilvia - Interior Design"},"image":{"@id":"https:\/\/eoryszilvia.hu\/#\/schema\/logo\/image\/"},"sameAs":["https:\/\/www.facebook.com\/eory.szilvia"]}]}},"_links":{"self":[{"href":"https:\/\/eoryszilvia.hu\/en\/wp-json\/wp\/v2\/pages\/15134","targetHints":{"allow":["GET"]}}],"collection":[{"href":"https:\/\/eoryszilvia.hu\/en\/wp-json\/wp\/v2\/pages"}],"about":[{"href":"https:\/\/eoryszilvia.hu\/en\/wp-json\/wp\/v2\/types\/page"}],"author":[{"embeddable":true,"href":"https:\/\/eoryszilvia.hu\/en\/wp-json\/wp\/v2\/users\/1"}],"replies":[{"embeddable":true,"href":"https:\/\/eoryszilvia.hu\/en\/wp-json\/wp\/v2\/comments?post=15134"}],"version-history":[{"count":0,"href":"https:\/\/eoryszilvia.hu\/en\/wp-json\/wp\/v2\/pages\/15134\/revisions"}],"wp:attachment":[{"href":"https:\/\/eoryszilvia.hu\/en\/wp-json\/wp\/v2\/media?parent=15134"}],"curies":[{"name":"wp","href":"https:\/\/api.w.org\/{rel}","templated":true}]}}